{"id":742,"date":"2021-08-13T10:25:56","date_gmt":"2021-08-13T09:25:56","guid":{"rendered":"https:\/\/nexante.fr\/?page_id=742"},"modified":"2021-10-01T13:25:09","modified_gmt":"2021-10-01T12:25:09","slug":"covid-19-dispo-gel-masques-gants-tests","status":"publish","type":"page","link":"https:\/\/nexante.fr\/index.php\/covid-19-dispo-gel-masques-gants-tests\/","title":{"rendered":"Covid 19"},"content":{"rendered":"<div data-contents=\"true\">\n<div class=\"_1mf _1mj\" data-offset-key=\"667g1-0-0\">\n<h3 data-offset-key=\"9kh06-0-0\">*** Tests antig\u00e9niques ***<\/h3>\n<h5><strong>Prenez RDV \u00e0 la <span style=\"color: #ff0000;\">Pharmacie Saint-Acheul<\/span>, 71 chauss\u00e9e jules Ferry \u00e0 Amiens: <\/strong><\/h5>\n<h4><a href=\"https:\/\/www.nexante-saintacheul.fr\/rendez-vous\"><strong>nexante-saintacheul.fr<\/strong><\/a><\/h4>\n<p>&nbsp;<\/p>\n<h5><strong>Prenez RDV \u00e0 la <span style=\"color: #ff0000;\">Pharmacie Etouvie<\/span>, Place du Pays d&rsquo;Auge \u00e0 Amiens: <\/strong><\/h5>\n<h4><strong><a href=\"https:\/\/www.nexante-etouvie.fr\/rendez-vous\">nexante-etouvie.fr<\/a><\/strong><\/h4>\n<p>&nbsp;<\/p>\n<div class=\"panel-body\">\n<div class=\"wysiwyg\">\n<p>Test Antig\u00e9nique Nasopharyng\u00e9 Covid-19<\/p>\n<p>R\u00e9sultat en 15min, se munir de sa Carte Vitale<\/p>\n<p>En cas de r\u00e9sultat n\u00e9gatif: d\u00e9livrance d&rsquo;un Pass Sanitaire valable 72h (au 07\/08\/2021)<\/p>\n<p>En cas de r\u00e9sultat positif: r\u00e9alisation d&rsquo;un Test PCR \u00e0 pr\u00e9voir en laboratoire.<\/p>\n<p>&nbsp;<\/p>\n<\/div>\n<\/div>\n<h3 data-offset-key=\"9kh06-0-0\">*** Gel Hydroalcoolique ***<\/h3>\n<\/div>\n<p>au 31\/12\/2020<\/p>\n<p>Offre sp\u00e9ciale sur le gel Anian 500ml: 5+1 Offert\u00a0 + 1 pompe offerte:<\/p>\n<p><a href=\"https:\/\/www.nexante-saintacheul.fr\/produit\/anian-gel-hydroalcoolique-6x-500ml-pompe\">Anian Gel Hydroalcoolique 500ml Saint-Acheul 5+1 Offert + Pompe<\/a><\/p>\n<div class=\"_1mf _1mj\" data-offset-key=\"667g1-0-0\">\n<p>&nbsp;<\/p>\n<p>au 02\/06\/2020<\/p>\n<p>Tout est en Stock dans nos 3 pharmacies:<\/p>\n<p><a href=\"https:\/\/www.nexante-saintacheul.fr\/rubrique\/coronavirus\">Lien Rubrique Coronavirus Saint-Acheul<\/a><\/p>\n<p>Petit modele: 75ml + 100 ou 150ml &#8211; Grand mod\u00e8le 500ml<\/p>\n<p><a href=\"https:\/\/www.nexante-saintacheul.fr\/produit\/anian-gel-hydroalcoolique-150ml-5ec773a81a4ff\">Anian Gel Hydroalcoolique 150ml Saint-Acheul<\/a><\/p>\n<p><a href=\"https:\/\/www.nexante-saintacheul.fr\/produit\/anian-gel-hydroalcooliq-500ml-5ed0c9507878d\">Anian Gel Hydroalcoolique 500ml Saint-Acheul<\/a><\/p>\n<\/div>\n<\/div>\n<h3><\/h3>\n<h4>Abonnez-vous \u00e0 notre page Facebook<\/h4>\n<p>nous mettons en temps r\u00e9el les arrivages avec possibilit\u00e9 d&rsquo;acheter ou de r\u00e9server sur notre site de vente en ligne !<\/p>\n<p><a href=\"https:\/\/www.facebook.com\/Pharmacie-Fauquet-Etouvie-105670584338365\/\">Facebook Etouvie<\/a><\/p>\n<p><a href=\"https:\/\/www.facebook.com\/Pharmacie-du-Faubourg-de-Hem-2340867579568555\/\">Facebook Faubourg de Hem<\/a><\/p>\n<p><a href=\"https:\/\/www.facebook.com\/nexante\/\">Facebook Saint-Acheul<\/a><\/p>\n<h3><a href=\"https:\/\/nexante.fr\/index.php\/2020\/04\/17\/covid-19-dispo-gel-masque-gants\/capture3\/\" rel=\"attachment wp-att-500\"><img loading=\"lazy\" decoding=\"async\" class=\"size-medium wp-image-500 alignnone\" src=\"https:\/\/nexante.fr\/wp-content\/uploads\/2020\/04\/Capture3-210x300.png\" alt=\"\" width=\"210\" height=\"300\" srcset=\"https:\/\/nexante.fr\/wp-content\/uploads\/2020\/04\/Capture3-210x300.png 210w, https:\/\/nexante.fr\/wp-content\/uploads\/2020\/04\/Capture3.png 584w\" sizes=\"auto, (max-width: 210px) 100vw, 210px\" \/><\/a><\/h3>\n<h3><strong>Envoyer son ordonnance et se faire livrer GRATUITEMENT<\/strong><\/h3>\n<h4>Hyper simple avec nos sites:<\/h4>\n<p>2 Etapes seulement !<br \/>\n-PAS de compte \u00e0 cr\u00e9er<br \/>\n-PAS d&rsquo;appli \u00e0 t\u00e9l\u00e9charger<br \/>\n-Serveur 100% s\u00e9curis\u00e9<\/p>\n<p>Compatible Chrome \/ Safari \/ Firefox sur PC \/ MAC \/ Mobile Android et Apple iOS<\/p>\n<p><a href=\"https:\/\/www.nexante-etouvie.fr\/ordo\">Envoyer \u00e0 Etouvie<\/a><\/p>\n<p><a href=\"https:\/\/www.nexante-faubourgdehem.fr\/ordo\">Envoyer au Faubourg de Hem<\/a><\/p>\n<p><a href=\"https:\/\/www.nexante-saintacheul.fr\/ordo\">Envoyer \u00e0 Saint-Acheul<\/a><\/p>\n<p>Nous livrons nos clients \u00e0 Amiens et p\u00e9riph\u00e9rie dans la journ\u00e9e, Livraison gratuite jusqu&rsquo;\u00e0 la fin du confinement.<\/p>\n<h4>Par Mail tout simplement:<\/h4>\n<p>Etouvie: etouvie@nexante.fr<\/p>\n<p>Faubourg de Hem: fh@nexante.fr<\/p>\n<p>Saint-Acheul: ordo@nexante.fr<\/p>\n<p>&nbsp;<\/p>\n<h3>Sp\u00e9cifique \u00e0 la Pharmacie Saint-Acheul:<\/h3>\n<p><a href=\"http:\/\/MonOrdo.fr\">MonOrdo.fr<\/a><\/p>\n<p><a href=\"https:\/\/www.monordo.fr\/\" rel=\"attachment wp-att-491\"><img loading=\"lazy\" decoding=\"async\" class=\"wp-image-491 size-medium alignnone\" src=\"https:\/\/nexante.fr\/wp-content\/uploads\/2020\/04\/MonOrdo-1-237x300.png\" alt=\"\" width=\"237\" height=\"300\" srcset=\"https:\/\/nexante.fr\/wp-content\/uploads\/2020\/04\/MonOrdo-1-237x300.png 237w, https:\/\/nexante.fr\/wp-content\/uploads\/2020\/04\/MonOrdo-1-768x972.png 768w, https:\/\/nexante.fr\/wp-content\/uploads\/2020\/04\/MonOrdo-1-809x1024.png 809w, https:\/\/nexante.fr\/wp-content\/uploads\/2020\/04\/MonOrdo-1.png 1080w\" sizes=\"auto, (max-width: 237px) 100vw, 237px\" \/><\/a><\/p>\n<p>et suivez-nous aussi sur <a href=\"https:\/\/www.instagram.com\/nexante\/\">instagram<\/a> !<\/p>\n<p><a href=\"https:\/\/www.instagram.com\/nexante\/\" rel=\"attachment wp-att-452\"><img loading=\"lazy\" decoding=\"async\" class=\"alignleft wp-image-452\" src=\"https:\/\/nexante.fr\/wp-content\/uploads\/2020\/01\/Instagram-Logo-300x300.png\" alt=\"\" width=\"241\" height=\"261\" \/><\/a><\/p>\n","protected":false},"excerpt":{"rendered":"<p>*** Tests antig\u00e9niques *** Prenez RDV \u00e0 la Pharmacie Saint-Acheul, 71 chauss\u00e9e jules Ferry \u00e0 Amiens: nexante-saintacheul.fr &nbsp; Prenez RDV<\/p>\n","protected":false},"author":3,"featured_media":497,"parent":0,"menu_order":0,"comment_status":"closed","ping_status":"closed","template":"","meta":{"footnotes":""},"class_list":["post-742","page","type-page","status-publish","has-post-thumbnail","hentry"],"_links":{"self":[{"href":"https:\/\/nexante.fr\/index.php\/wp-json\/wp\/v2\/pages\/742","targetHints":{"allow":["GET"]}}],"collection":[{"href":"https:\/\/nexante.fr\/index.php\/wp-json\/wp\/v2\/pages"}],"about":[{"href":"https:\/\/nexante.fr\/index.php\/wp-json\/wp\/v2\/types\/page"}],"author":[{"embeddable":true,"href":"https:\/\/nexante.fr\/index.php\/wp-json\/wp\/v2\/users\/3"}],"replies":[{"embeddable":true,"href":"https:\/\/nexante.fr\/index.php\/wp-json\/wp\/v2\/comments?post=742"}],"version-history":[{"count":10,"href":"https:\/\/nexante.fr\/index.php\/wp-json\/wp\/v2\/pages\/742\/revisions"}],"predecessor-version":[{"id":800,"href":"https:\/\/nexante.fr\/index.php\/wp-json\/wp\/v2\/pages\/742\/revisions\/800"}],"wp:featuredmedia":[{"embeddable":true,"href":"https:\/\/nexante.fr\/index.php\/wp-json\/wp\/v2\/media\/497"}],"wp:attachment":[{"href":"https:\/\/nexante.fr\/index.php\/wp-json\/wp\/v2\/media?parent=742"}],"curies":[{"name":"wp","href":"https:\/\/api.w.org\/{rel}","templated":true}]}}